{"id":6721,"date":"2023-07-22T03:00:53","date_gmt":"2023-07-22T03:00:53","guid":{"rendered":"http:\/\/localhost\/mrittik\/?page_id=6721"},"modified":"2024-03-26T10:43:22","modified_gmt":"2024-03-26T09:43:22","slug":"home-02-one-page","status":"publish","type":"page","link":"https:\/\/borsaimmobiliare.ch\/de\/","title":{"rendered":"Home Two \u2013 One Page"},"content":{"rendered":"<div data-elementor-type=\"wp-page\" data-elementor-id=\"6721\" class=\"elementor elementor-6721\">\n\t\t\t\t        <section class=\"elementor-section elementor-top-section elementor-element elementor-element-1beae5f elementor-section-full_width pxl-hide-scroll-bar elementor-section-height-default elementor-section-height-default pxl-section-offset-none pxl-row-scroll-none pxl-show-grid-none pxl-section-bg-none pxl-section-grid-bg-false\" data-id=\"1beae5f\" data-element_type=\"section\">\n\n                \n                <div class=\"elementor-container elementor-column-gap-default\">\n                <div class=\"elementor-column elementor-col-100 elementor-top-column elementor-element elementor-element-a8a4365 pxl-column-none\" data-id=\"a8a4365\" data-element_type=\"column\">\r\n        <div class=\"elementor-widget-wrap elementor-element-populated\">\r\n                     \r\n        \t\t<div class=\"elementor-element elementor-element-f80d7e9 elementor-widget elementor-widget-pxl_slider_carousel\" data-id=\"f80d7e9\" data-element_type=\"widget\" data-widget_type=\"pxl_slider_carousel.default\">\n\t\t\t\t<div class=\"elementor-widget-container\">\n\t\t\t\t\t    <div class=\"pxl-swiper-sliders pxl-slider-carousel pxl-slider-carousel2 pxl-parent-transition pxl-parent-cursor pxl-swiper-arrow-show pxl-show-arrow\" data-view-auto=\"1\">\n        <div class=\"pxl-carousel-inner\">\n            <div class=\"pxl-swiper-container\" dir=\"ltr\" data-settings=\"{&quot;slide_direction&quot;:&quot;vertical&quot;,&quot;slide_percolumn&quot;:&quot;1&quot;,&quot;slide_mode&quot;:&quot;slide&quot;,&quot;slides_to_show&quot;:&quot;1&quot;,&quot;slides_to_show_xxl&quot;:&quot;1&quot;,&quot;slides_to_show_lg&quot;:&quot;1&quot;,&quot;slides_to_show_md&quot;:&quot;1&quot;,&quot;slides_to_show_sm&quot;:&quot;1&quot;,&quot;slides_to_show_xs&quot;:&quot;1&quot;,&quot;slides_to_scroll&quot;:&quot;1&quot;,&quot;arrow&quot;:&quot;true&quot;,&quot;pagination&quot;:&quot;false&quot;,&quot;pagination_type&quot;:&quot;bullets&quot;,&quot;autoplay&quot;:&quot;&quot;,&quot;pause_on_hover&quot;:&quot;&quot;,&quot;pause_on_interaction&quot;:&quot;true&quot;,&quot;mousewheel&quot;:&quot;true&quot;,&quot;delay&quot;:10000,&quot;loop&quot;:&quot;false&quot;,&quot;center&quot;:&quot;false&quot;,&quot;speed&quot;:1600}\">\n                <div class=\"pxl-swiper-wrapper\">\n                                            <div class=\"pxl-swiper-slide\">\n                            <div class=\"pxl-item--inner\" data-wow-delay=\"ms\" data-wow-duration=\"1.2s\">\n                                <div class=\"pxl-item--content\">\n                                    <div class=\"content--inner pxl-transtion\">\n                                        <div class=\"content--wrapper\">\n                                                                                            <div class=\"pxl-item--subtitle pxl-transtion\">BORSA IMMOBILIARE<\/div>\n                                                                                                                                        <h2 class=\"pxl-item--title el-empty pxl-transtion\">Borsa Immobiliare SA ist ein Unternehmen, dessen Ziel es ist, den Immobiliensektor zu schaffen, zu stimulieren und zu f\u00f6rdern und sich sowohl an Fachleute der Branche als auch an ein breiteres Publikum zu wenden, das an Wohnzwecken, Investitionen oder Kurzzeitmieten interessiert ist. <\/h2>\n                                                                                                                                <\/div>\n                                    <\/div>\n                                <\/div>\n                                <div class=\"pxl-item--image\">\n                                                                           <div class=\"item--image img-light\" style=\"background-image: url(https:\/\/borsaimmobiliare.ch\/wp-content\/uploads\/2024\/03\/foto1-scaled-e1711445897853.webp);\"><\/div>\n                                                                                                               <div class=\"item--image img-dark\" style=\"background-image: url(https:\/\/borsaimmobiliare.ch\/wp-content\/uploads\/2024\/03\/foto1-scaled.webp);\"><\/div>\n                                                                    <\/div>\n                           <\/div>\n                        <\/div>\n                                            <div class=\"pxl-swiper-slide\">\n                            <div class=\"pxl-item--inner\" data-wow-delay=\"ms\" data-wow-duration=\"1.2s\">\n                                <div class=\"pxl-item--content\">\n                                    <div class=\"content--inner pxl-transtion\">\n                                        <div class=\"content--wrapper\">\n                                                                                            <div class=\"pxl-item--subtitle pxl-transtion\">ORGANISATION<\/div>\n                                                                                                                                        <h2 class=\"pxl-item--title el-empty pxl-transtion\">Ziel ist es, durch die Organisation von Networking-Veranstaltungen an ausgew\u00e4hlten Standorten Synergien zwischen Personen aus verschiedenen Arbeitsbereichen zu schaffen und das Bewusstsein f\u00fcr Neuigkeiten und Chancen auf dem Immobilienmarkt, insbesondere in den Regionen Tessin, Schweiz und Europa, zu f\u00f6rdern<\/h2>\n                                                                                                                                <\/div>\n                                    <\/div>\n                                <\/div>\n                                <div class=\"pxl-item--image\">\n                                                                           <div class=\"item--image img-light\" style=\"background-image: url(https:\/\/borsaimmobiliare.ch\/wp-content\/uploads\/2024\/03\/foto3-scaled-e1711445936933.webp);\"><\/div>\n                                                                                                               <div class=\"item--image img-dark\" style=\"background-image: url(https:\/\/borsaimmobiliare.ch\/wp-content\/uploads\/2024\/03\/foto3-scaled.webp);\"><\/div>\n                                                                    <\/div>\n                           <\/div>\n                        <\/div>\n                                            <div class=\"pxl-swiper-slide\">\n                            <div class=\"pxl-item--inner\" data-wow-delay=\"ms\" data-wow-duration=\"1.2s\">\n                                <div class=\"pxl-item--content\">\n                                    <div class=\"content--inner pxl-transtion\">\n                                        <div class=\"content--wrapper\">\n                                                                                            <div class=\"pxl-item--subtitle pxl-transtion\">PLATTFORM<\/div>\n                                                                                                                                        <h2 class=\"pxl-item--title el-empty pxl-transtion\">Borsa Immobiliare SAist au\u00dferdem bestrebt, eine spezielle Plattform zu schaffen, die Zugang zu erstklassigen, einkommensstabilen Immobilien bietet und die Werbung f\u00fcr Produkte und Dienstleistungen erleichtert, die von Sponsoren und Co-Sponsoren angeboten werden. <\/h2>\n                                                                                                                                <\/div>\n                                    <\/div>\n                                <\/div>\n                                <div class=\"pxl-item--image\">\n                                                                           <div class=\"item--image img-light\" style=\"background-image: url(https:\/\/borsaimmobiliare.ch\/wp-content\/uploads\/2024\/03\/PNF_6224-e1711446194637.webp);\"><\/div>\n                                                                                                               <div class=\"item--image img-dark\" style=\"background-image: url(https:\/\/borsaimmobiliare.ch\/wp-content\/uploads\/2024\/03\/PNF_6224.webp);\"><\/div>\n                                                                    <\/div>\n                           <\/div>\n                        <\/div>\n                                            <div class=\"pxl-swiper-slide\">\n                            <div class=\"pxl-item--inner\" data-wow-delay=\"ms\" data-wow-duration=\"1.2s\">\n                                <div class=\"pxl-item--content\">\n                                    <div class=\"content--inner pxl-transtion\">\n                                        <div class=\"content--wrapper\">\n                                                                                            <div class=\"pxl-item--subtitle pxl-transtion\">NETWORKING<\/div>\n                                                                                                                                        <h2 class=\"pxl-item--title el-empty pxl-transtion\">Die Initiative sieht die Schaffung von 4-6 Veranstaltungen pro Jahr vor, die Raum f\u00fcr die Pr\u00e4sentation neuer Produkte durch die Sponsoren und f\u00fcr die Vernetzung der Teilnehmer bieten.\n\nDie Plattform wird auch n\u00fctzliche Dienste wie die Verwaltung von Mietkautionen durch die Zusammenarbeit mit Banken und Versicherungen, Hypothekenberatung und Grundst\u00fccksverk\u00e4ufe umfassen und sie so zu einer umfassenden Ressource f\u00fcr alle machen, die sich f\u00fcr den Immobiliensektor interessieren.<\/h2>\n                                                                                                                                <\/div>\n                                    <\/div>\n                                <\/div>\n                                <div class=\"pxl-item--image\">\n                                                                           <div class=\"item--image img-light\" style=\"background-image: url(https:\/\/borsaimmobiliare.ch\/wp-content\/uploads\/2024\/03\/DSC02425-Edit-scaled-e1711446154543.jpg);\"><\/div>\n                                                                                                               <div class=\"item--image img-dark\" style=\"background-image: url(https:\/\/borsaimmobiliare.ch\/wp-content\/uploads\/2024\/03\/DSC02425-Edit-scaled.jpg);\"><\/div>\n                                                                    <\/div>\n                           <\/div>\n                        <\/div>\n                                    <\/div>\n            <\/div>\n                            <div class=\"wp-arrow style1\" data-cursor=\"-hidden\">\n                                            <div class=\"pxl-swiper-arrow pxl-swiper-arrow-prev\">\n                            <span class=\"crossline1\"><\/span>\n                            <span class=\"crossline2\"><\/span>\n                        <\/div>\n                        <div class=\"pxl-swiper-arrow pxl-swiper-arrow-next\">\n                            <span class=\"crossline1\"><\/span>\n                            <span class=\"crossline2\"><\/span>\n                        <\/div>\n                                    <\/div>\n                                <\/div>\n    <\/div>\n\t\t\t\t<\/div>\n\t\t\t\t<\/div>\n\t\t            <\/div>\r\n        <\/div>\r\n        \t\t\t<\/div>\n\t\t<\/section>\n\t\t\t\t<\/div>","protected":false},"excerpt":{"rendered":"<p>BORSA IMMOBILIARE La Borsa Immobiliare SA \u00e8 una societ\u00e0 che volta a creare, stimolare e promuovere il settore immobiliare, rivolgendosi sia ai professionisti del ramo sia a un pubblico pi\u00f9 ampio interessato a scopi abitativi, investimenti o affitti brevi. ORGANIZZAZIONE Attraverso l&#8217;organizzazione di eventi di networking in location selezionate, l&#8217;obiettivo \u00e8 di creare sinergie tra [&hellip;]<\/p>","protected":false},"author":1,"featured_media":0,"parent":0,"menu_order":0,"comment_status":"closed","ping_status":"closed","template":"","meta":{"footnotes":""},"class_list":["post-6721","page","type-page","status-publish","hentry"],"_links":{"self":[{"href":"https:\/\/borsaimmobiliare.ch\/de\/wp-json\/wp\/v2\/pages\/6721","targetHints":{"allow":["GET"]}}],"collection":[{"href":"https:\/\/borsaimmobiliare.ch\/de\/wp-json\/wp\/v2\/pages"}],"about":[{"href":"https:\/\/borsaimmobiliare.ch\/de\/wp-json\/wp\/v2\/types\/page"}],"author":[{"embeddable":true,"href":"https:\/\/borsaimmobiliare.ch\/de\/wp-json\/wp\/v2\/users\/1"}],"replies":[{"embeddable":true,"href":"https:\/\/borsaimmobiliare.ch\/de\/wp-json\/wp\/v2\/comments?post=6721"}],"version-history":[{"count":5,"href":"https:\/\/borsaimmobiliare.ch\/de\/wp-json\/wp\/v2\/pages\/6721\/revisions"}],"predecessor-version":[{"id":9389,"href":"https:\/\/borsaimmobiliare.ch\/de\/wp-json\/wp\/v2\/pages\/6721\/revisions\/9389"}],"wp:attachment":[{"href":"https:\/\/borsaimmobiliare.ch\/de\/wp-json\/wp\/v2\/media?parent=6721"}],"curies":[{"name":"wp","href":"https:\/\/api.w.org\/{rel}","templated":true}]}}